{"id":238473,"date":"2021-09-10T10:15:49","date_gmt":"2021-09-10T08:15:49","guid":{"rendered":"https:\/\/acvas.cat\/politica-de-privacidad\/"},"modified":"2024-11-11T12:57:28","modified_gmt":"2024-11-11T11:57:28","slug":"politica-de-privacidad","status":"publish","type":"page","link":"https:\/\/acvas.cat\/es\/politica-de-privacidad\/","title":{"rendered":"Pol\u00edtica de privacidad"},"content":{"rendered":"<p>[et_pb_section fb_built=\u00bb1&#8243; admin_label=\u00bbPage Title Section\u00bb _builder_version=\u00bb4.16&#8243; use_background_color_gradient=\u00bbon\u00bb background_color_gradient_stops=\u00bb#313e47 0%|rgba(49,62,71,0.5) 100%\u00bb background_color_gradient_overlays_image=\u00bbon\u00bb background_color_gradient_start=\u00bb#313e47&#8243; background_color_gradient_end=\u00bbrgba(49,62,71,0.5)\u00bb background_image=\u00bbhttps:\/\/acvas.cat\/wp-content\/uploads\/2022\/01\/home.jpg\u00bb custom_padding=\u00bb120px||120px|\u00bb locked=\u00bboff\u00bb global_colors_info=\u00bb{}\u00bb][et_pb_row admin_label=\u00bbPage Title Area\u00bb _builder_version=\u00bb4.16&#8243; background_size=\u00bbinitial\u00bb background_position=\u00bbtop_left\u00bb background_repeat=\u00bbrepeat\u00bb custom_margin_tablet=\u00bb\u00bb custom_margin_phone=\u00bb-50px||-50px||false|false\u00bb custom_margin_last_edited=\u00bbon|phone\u00bb custom_padding=\u00bb||34px|||\u00bb global_colors_info=\u00bb{}\u00bb][et_pb_column type=\u00bb4_4&#8243; _builder_version=\u00bb4.16&#8243; custom_padding=\u00bb|||\u00bb global_colors_info=\u00bb{}\u00bb custom_padding__hover=\u00bb|||\u00bb][et_pb_text admin_label=\u00bbTitle\u00bb _builder_version=\u00bb4.24.0&#8243; _dynamic_attributes=\u00bbcontent\u00bb text_font=\u00bb||||||||\u00bb header_font=\u00bbPoppins||||||||\u00bb header_text_align=\u00bbcenter\u00bb header_text_color=\u00bb#FFFFFF\u00bb header_font_size=\u00bb48px\u00bb header_2_font=\u00bbPoppins|100|||||||\u00bb header_2_text_align=\u00bbcenter\u00bb header_2_text_color=\u00bb#FFFFFF\u00bb header_2_font_size=\u00bb48px\u00bb header_2_line_height=\u00bb1.6em\u00bb module_alignment=\u00bbcenter\u00bb custom_margin=\u00bb||10px|\u00bb custom_padding=\u00bb|||\u00bb animation_style=\u00bbfade\u00bb header_font_size_tablet=\u00bb\u00bb header_font_size_phone=\u00bb35px\u00bb header_font_size_last_edited=\u00bbon|desktop\u00bb header_line_height_tablet=\u00bb\u00bb header_line_height_phone=\u00bb1.2em\u00bb header_line_height_last_edited=\u00bbon|phone\u00bb header_2_font_size_tablet=\u00bb40px\u00bb header_2_font_size_phone=\u00bb\u00bb header_2_font_size_last_edited=\u00bbon|tablet\u00bb locked=\u00bboff\u00bb global_colors_info=\u00bb{}\u00bb]@ET-DC@eyJkeW5hbWljIjp0cnVlLCJjb250ZW50IjoicG9zdF90aXRsZSIsInNldHRpbmdzIjp7ImJlZm9yZSI6IjxoMT4iLCJhZnRlciI6IjxcL2gxPiJ9fQ==@[\/et_pb_text][\/et_pb_column][\/et_pb_row][\/et_pb_section][et_pb_section fb_built=\u00bb1&#8243; admin_label=\u00bbProject Section 01&#8243; module_id=\u00bbgestor\u00eda\u00bb _builder_version=\u00bb4.24.0&#8243; custom_padding=\u00bb|||\u00bb border_color_all=\u00bb#3b4147&#8243; border_width_left=\u00bb8vw\u00bb global_colors_info=\u00bb{}\u00bb][et_pb_row admin_label=\u00bbProject Area 01&#8243; module_class=\u00bb et_pb_row_fullwidth\u00bb _builder_version=\u00bb4.16&#8243; width=\u00bb89%\u00bb width_tablet=\u00bb80%\u00bb width_phone=\u00bb\u00bb width_last_edited=\u00bbon|desktop\u00bb max_width=\u00bb89%\u00bb max_width_tablet=\u00bb80%\u00bb max_width_phone=\u00bb\u00bb max_width_last_edited=\u00bbon|desktop\u00bb make_fullwidth=\u00bbon\u00bb global_colors_info=\u00bb{}\u00bb][et_pb_column type=\u00bb4_4&#8243; _builder_version=\u00bb4.16&#8243; custom_padding=\u00bb|||\u00bb global_colors_info=\u00bb{}\u00bb custom_padding__hover=\u00bb|||\u00bb][et_pb_text _builder_version=\u00bb4.27.2&#8243; text_font=\u00bbPoppins|300|||||||\u00bb text_font_size=\u00bb16px\u00bb text_line_height=\u00bb2em\u00bb link_text_color=\u00bb#000000&#8243; text_orientation=\u00bbjustified\u00bb animation_style=\u00bbfade\u00bb text_orientation_tablet=\u00bbjustified\u00bb text_orientation_phone=\u00bbleft\u00bb text_orientation_last_edited=\u00bbon|phone\u00bb global_colors_info=\u00bb{}\u00bb]<\/p>\n<p><strong>CABRERA, ADVOCATS, GESTORS, ASSESSORS SLPU<\/strong> en cumplimiento con el Reglamento Europeo de Protecci\u00f3n de Datos 679\/2016, y a la nueva Ley Org\u00e1nica 3\/2018, de 5 de diciembre, de Protecci\u00f3n de Datos Personales y garant\u00eda de los derechos digitales, garantiza la protecci\u00f3n y la confidencialidad de los datos personales de cualquier tipo, que nos proporcionen nuestros clientes, \u201cusuarios\u201d, en la Web.<\/p>\n<p><strong>Informaci\u00f3n b\u00e1sica<\/strong><\/p>\n<p>En virtud del art\u00edculo 13 del Reglamento Europeo de Protecci\u00f3n de Datos (RGPD), <strong>CABRERA, ADVOCATS, GESTORS, ASSESSORS, SLPU<\/strong> como responsable del tratamiento, le informa de los siguientes aspectos relevantes:<\/p>\n<table style=\"border-collapse: collapse; width: 100%; height: 161px;\" border=\"1\">\n<tbody>\n<tr style=\"height: 23px;\">\n<td style=\"width: 27.3019%; height: 23px;\"><strong>Responsable del Tratamiento<\/strong><\/td>\n<td style=\"width: 72.6981%; height: 23px;\"><strong>CABRERA, ADVOCATS, GESTORS, ASSESSORS SLPU, domiciliada en la CRTA BARCELONA, 65 ENTRESOL 17001-GIRONA <\/strong><\/td>\n<\/tr>\n<tr style=\"height: 23px;\">\n<td style=\"width: 27.3019%; height: 23px;\"><strong>Finalidad<\/strong><\/td>\n<td style=\"width: 72.6981%; height: 23px;\">La informaci\u00f3n que nos facilitan las personas interesadas las tratamos con el fin de gestionar el env\u00edo de la informaci\u00f3n que nos soliciten, y facilitar a los interesados ofertas de productos y servicios de su inter\u00e9s.<br \/>Los datos proporcionados se conservar\u00e1n mientras se mantenga una relaci\u00f3n mercantil y no se solicite su supresi\u00f3n.<\/td>\n<\/tr>\n<tr style=\"height: 23px;\">\n<td style=\"width: 27.3019%; height: 23px;\"><strong>Ejercicio de Derechos<\/strong><\/td>\n<td style=\"width: 72.6981%; height: 23px;\">Dirigirse a: info@acvas.cat<\/td>\n<\/tr>\n<tr style=\"height: 23px;\">\n<td style=\"width: 27.3019%; height: 23px;\"><strong>Desistimiento <\/strong><\/td>\n<td style=\"width: 72.6981%; height: 23px;\">Gratuito.<\/td>\n<\/tr>\n<tr style=\"height: 23px;\">\n<td style=\"width: 27.3019%; height: 23px;\"><strong>Destinatarios<\/strong><\/td>\n<td style=\"width: 72.6981%; height: 23px;\">No se ceder\u00e1n datos a terceros excepte obligaci\u00f3n legal.<\/td>\n<\/tr>\n<tr style=\"height: 23px;\">\n<td style=\"width: 27.3019%; height: 23px;\"><strong>Reclamaci\u00f3n<\/strong><\/td>\n<td style=\"width: 72.6981%; height: 23px;\">Autoridad de Control Espa\u00f1ola.<\/td>\n<\/tr>\n<tr style=\"height: 23px;\">\n<td style=\"width: 27.3019%; height: 23px;\"><strong>Informaci\u00f3n Adicional<\/strong><\/td>\n<td style=\"width: 72.6981%; height: 23px;\">Puede consultar informaci\u00f3n adicional y detallada sobre protecci\u00f3n de datos y privacidad en www.acvas.cat<\/td>\n<\/tr>\n<\/tbody>\n<\/table>\n<p>&nbsp;<\/p>\n<p><strong>Informaci\u00f3n Adicional<\/strong><\/p>\n<p><strong>CABRERA, ADVOCATS, GESTORS, ASSESSORS SLPU<\/strong> es el responsable del tratamiento de datos personales que recaba y trata, poniendo a su disposici\u00f3n los siguientes medios de comunicaci\u00f3n para su puesta en contacto a: <strong>CABRERA, ADVOCATS, GESTORS, ASSESSORS SLPU<\/strong> con NIF <strong>B55339964<\/strong> con domicilio en Girona en la Carretera Barcelona, num 65 entlo. 17001-Girona y correo electr\u00f3nico: <a href=\"mailto:info@acvas.cat\">info@acvas.cat<\/a><\/p>\n<p><strong>Alcance de la Pol\u00edtica<\/strong><\/p>\n<p>Cuando accede y utiliza nuestra p\u00e1gina Web www.acvat.cat, se compromete a aceptar esta Pol\u00edtica de Privacidad, as\u00ed como las disposiciones contenidas en el Aviso Legal y Pol\u00edtica de Cookies.<\/p>\n<p>Le proporcionamos la informaci\u00f3n para que con car\u00e1cter previo a la recopilaci\u00f3n de sus datos personales pueda acceder a la Pol\u00edtica de Privacidad y a cualquier otra informaci\u00f3n relevante en materia de Protecci\u00f3n de Datos.<\/p>\n<p>As\u00ed mismo, la presente pol\u00edtica sirve para facilitar informaci\u00f3n adicional de segundo nivel, de aquellas cl\u00e1usulas informativas que redirigen a \u00e9sta, con tal finalidad.<\/p>\n<p><strong>Finalidad del Tratamiento<\/strong><\/p>\n<p><strong>CABRERA, ADVOCATS, GESTORS, ASSESSORS SLPU<\/strong> tratar\u00e1 la informaci\u00f3n que nos proporcione con las siguientes finalidades:<\/p>\n<ul>\n<li>Gestionar cualquier tipo de solicitud, sugerencia o petici\u00f3n sobre nuestros servicios profesionales que nos formule.<\/li>\n<li>Comunicaciones comerciales: Tratamiento de sus datos con la finalidad de informarle de art\u00edculos de inter\u00e9s e informaci\u00f3n general sobre nuestros servicios v\u00eda correo electr\u00f3nico.<\/li>\n<li>Gestiones administrativas, contables y fiscales.<\/li>\n<li>Gestionar datos aportados por los candidatos a un puesto de trabajo a trav\u00e9s de Curr\u00edculum Vitae (CV), con la finalidad del proceso de selecci\u00f3n. Usted autoriza expresamente a <strong>CABRERA, ADVOCATS, GESTORS, ASSESSORS, SLPU<\/strong> para que proceda al tratamiento de sus datos para la finalidad indicada. <\/li>\n<\/ul>\n<p><strong>CABRERA, ADVOCATS, GESTORS, ASSESSORS SLPU<\/strong> tratar\u00e1 sus datos e informaci\u00f3n aportada para los procesos de selecci\u00f3n con la m\u00e1s estricta confidencialidad, adoptando para ello las medidas t\u00e9cnicas y organizativas necesarias para evitar la p\u00e9rdida, mal uso, alteraci\u00f3n y\/o acceso no autorizado.<\/p>\n<p><strong>Plazo de conservaci\u00f3n de sus datos<\/strong><\/p>\n<p>El per\u00edodo de conservaci\u00f3n de los datos personales variar\u00e1 en funci\u00f3n del servicio que pueda llegar a contratar o prestar.<\/p>\n<p>En cualquier caso, ser\u00e1 el m\u00ednimo necesario, pudiendo mantenerse seg\u00fan las circunstancias que se apliquen en cada caso, y la legislaci\u00f3n vigente actual.<\/p>\n<p><strong>Legitimaci\u00f3<\/strong><\/p>\n<p>La base legal para el tratamiento de los datos es el consentimiento de las personas interesadas para la tramitaci\u00f3n y gesti\u00f3n de cualquier solicitud de informaci\u00f3n o consulta sobre nuestros servicios profesionales, as\u00ed como para el env\u00edo de comunicaciones comerciales llevadas a cabo por <strong>CABRERA, ADVOCATS, GESTORS, ASSESSORS, SLPU<\/strong> y cuando el tratamiento sea necesario para la ejecuci\u00f3n de un contrato.<\/p>\n<p><strong>Procedencia de los datos<\/strong><\/p>\n<p>Todos los datos personales que tratamos a trav\u00e9s de nuestra p\u00e1gina web proceden directamente del propio interesado.<\/p>\n<p><strong>Derechos<\/strong><\/p>\n<p><strong>CABRERA, ADVOCATS, GESTORS, ASSESSORS, SLPU<\/strong>, en cumplimiento con la Normativa Europea de Protecci\u00f3n de Datos, com\u00fanmente denominado RGPD, le informa de los derechos que ostenta como titular y afectado de los datos personales que recabamos y tratamos, incluy\u00e9ndose los siguientes derechos:<\/p>\n<ul>\n<li>Tiene derecho a desistir de forma gratuita y en cualquier momento del consentimiento otorgado para el tratamiento de sus datos personales.<\/li>\n<li>Tiene reconocido el derecho de acceso a sus datos personales, as\u00ed como el derecho a rectificaci\u00f3n de aquellos.<\/li>\n<li>Tiene derecho a oponerse al procesamiento de sus datos personales, as\u00ed como el derecho a supresi\u00f3n, com\u00fanmente denominado, derecho al olvido. De igual forma, tiene derecho a oponerse al tratamiento para decisiones individuales automatizadas. <\/li>\n<li>Tiene derecho a obtener la limitaci\u00f3n del tratamiento de datos personales.<\/li>\n<li>Tiene derecho a solicitar la portabilidad de sus datos personales.<\/li>\n<li>Tiene derecho a presentar una queja a la Autoridad de Control en materia de protecci\u00f3n de datos que corresponda, siendo la Agencia Espa\u00f1ola de Protecci\u00f3n de Datos (<a href=\"https:\/\/www.aepd.es\/\" target=\"_blank\" rel=\"noopener\">www.aepd.es<\/a>).<\/li>\n<\/ul>\n<p>Los precedentes derechos reconocidos los podr\u00e1 ejercitar mediante solicitud dirigida a trav\u00e9s de correo electr\u00f3nico a <a href=\"mailto:info@acvas.cat\">info@acvas.cat<\/a> o a trav\u00e9s de los medios de contacto que ponemos a su disposici\u00f3n indicando en el asunto del mensaje o <br \/>comunicaci\u00f3n la referencia: Derechos RGPD.<\/p>\n<p>As\u00ed mismo, para poder cursar dicha solicitud precisamos de informaci\u00f3n adicional que permita acreditar la identidad de la persona ejerciente y vinculada al tratamiento de datos personales, se requerir\u00e1 la aportaci\u00f3n de informaci\u00f3n adicional o documental que acredite dicha identidad del afectado o interesado que ejerza el derecho en cuesti\u00f3n.<\/p>\n<p><strong>Desistimiento<\/strong><\/p>\n<p><strong>CABRERA, ADVOCATS, GESTORS, ASSESSORS, SLPU<\/strong> en virtud de la Directiva 2002\/58\/CE en relaci\u00f3n a los servicios de la sociedad de la informaci\u00f3n y la posibilidad de remitir comunicaciones promocionales o publicitarias por medios electr\u00f3nicos, incorpora o facilita a los destinatarios de dichas comunicaciones mecanismos, sencillos y gratuitos, para desistir del consentimiento otorgado para la finalidad del env\u00edo de aquellas, cumpliendo \u00edntegramente con la normativa europea y nacional sobre la materia referida.<\/p>\n<p><strong>Pol\u00edtica de Cookies<\/strong><\/p>\n<p>Una \u00abCookie\u00bb es un peque\u00f1o archivo que se almacena en el ordenador del usuario y nos permite reconocerle. El conjunto de \u00abcookies\u00bb nos ayuda a mejorar la calidad de nuestra web, permiti\u00e9ndonos controlar qu\u00e9 p\u00e1ginas encuentran nuestros usuarios \u00fatiles y cu\u00e1les no. <\/p>\n<p>Las cookies son esenciales para el funcionamiento de Internet, aportando innumerables ventajas en la prestaci\u00f3n de servicios interactivos, facilit\u00e1ndole la navegaci\u00f3n y usabilidad de nuestra web. Tenga en cuenta que las cookies no pueden da\u00f1ar su equipo y el que est\u00e9n activadas nos ayudan a identificar y resolver los errores. <\/p>\n<p><strong>Aviso de violaci\u00f3n de datos personales<\/strong><\/p>\n<p>En el caso de que sus datos se vean comprometidos, <strong>CABRERA, ADVOCATS, GESTORS, ASSESSORS, SLPU<\/strong> le notificar\u00e1 a usted y a las autoridades supervisoras competentes en un plazo de 72 horas por correo electr\u00f3nico con informaci\u00f3n sobre el alcance de la violaci\u00f3n, los datos afectados, cualquier impacto en el servicio y el plan de acci\u00f3n de <strong>CABRERA, ADVOCATS, GESTORS, ASSESSORS, SLPU<\/strong> con las medidas para proteger los datos y limitar cualquier posible efecto negativo en los interesados.<\/p>\n<p>La \u00abinfracci\u00f3n de datos personales\u00bb hace referencia a una violaci\u00f3n de la seguridad que conduce a la destrucci\u00f3n, p\u00e9rdida, alteraci\u00f3n, divulgaci\u00f3n no autorizada o acceso, accidental o ilegal, a los datos personales transmitidos, almacenados o procesados relacionados con la prestaci\u00f3n del Servicio.<\/p>\n<p><strong>Dudas y Modificaciones<\/strong><\/p>\n<p>Si tiene alguna pregunta sobre la presente Pol\u00edtica de Privacidad, le rogamos que se ponga en contacto con nosotros enviando un correo electr\u00f3nico a la direcci\u00f3n: <a href=\"mailto:info@acvas.cat\">info@acvas.cat<\/a><\/p>\n<p>[\/et_pb_text][\/et_pb_column][\/et_pb_row][\/et_pb_section]<\/p>\n","protected":false},"excerpt":{"rendered":"<p>CABRERA, ADVOCATS, GESTORS, ASSESSORS SLPU en cumplimiento con el Reglamento Europeo de Protecci\u00f3n de Datos 679\/2016, y a la nueva Ley Org\u00e1nica 3\/2018, de 5 de diciembre, de Protecci\u00f3n de Datos Personales y garant\u00eda de los derechos digitales, garantiza la protecci\u00f3n y la confidencialidad de los datos personales de cualquier tipo, que nos proporcionen nuestros [&hellip;]<\/p>\n","protected":false},"author":3,"featured_media":0,"parent":0,"menu_order":0,"comment_status":"closed","ping_status":"closed","template":"","meta":{"_et_pb_use_builder":"on","_et_pb_old_content":"","_et_gb_content_width":"","footnotes":""},"class_list":["post-238473","page","type-page","status-publish","hentry"],"yoast_head":"<!-- This site is optimized with the Yoast SEO plugin v27.4 - https:\/\/yoast.com\/product\/yoast-seo-wordpress\/ -->\n<title>Pol\u00edtica de privacidad - ACVAS<\/title>\n<meta name=\"robots\" content=\"index, follow, max-snippet:-1, max-image-preview:large, max-video-preview:-1\" \/>\n<link rel=\"canonical\" href=\"https:\/\/acvas.cat\/es\/politica-de-privacidad\/\" \/>\n<meta property=\"og:locale\" content=\"es_ES\" \/>\n<meta property=\"og:type\" content=\"article\" \/>\n<meta property=\"og:title\" content=\"Pol\u00edtica de privacidad - ACVAS\" \/>\n<meta property=\"og:description\" content=\"CABRERA, ADVOCATS, GESTORS, ASSESSORS SLPU en cumplimiento con el Reglamento Europeo de Protecci\u00f3n de Datos 679\/2016, y a la nueva Ley Org\u00e1nica 3\/2018, de 5 de diciembre, de Protecci\u00f3n de Datos Personales y garant\u00eda de los derechos digitales, garantiza la protecci\u00f3n y la confidencialidad de los datos personales de cualquier tipo, que nos proporcionen nuestros [&hellip;]\" \/>\n<meta property=\"og:url\" content=\"https:\/\/acvas.cat\/es\/politica-de-privacidad\/\" \/>\n<meta property=\"og:site_name\" content=\"ACVAS\" \/>\n<meta property=\"article:modified_time\" content=\"2024-11-11T11:57:28+00:00\" \/>\n<meta name=\"twitter:card\" content=\"summary_large_image\" \/>\n<meta name=\"twitter:label1\" content=\"Tiempo de lectura\" \/>\n\t<meta name=\"twitter:data1\" content=\"9 minutos\" \/>\n<script type=\"application\/ld+json\" class=\"yoast-schema-graph\">{\"@context\":\"https:\\\/\\\/schema.org\",\"@graph\":[{\"@type\":\"WebPage\",\"@id\":\"https:\\\/\\\/acvas.cat\\\/es\\\/politica-de-privacidad\\\/\",\"url\":\"https:\\\/\\\/acvas.cat\\\/es\\\/politica-de-privacidad\\\/\",\"name\":\"Pol\u00edtica de privacidad - ACVAS\",\"isPartOf\":{\"@id\":\"https:\\\/\\\/acvas.cat\\\/es\\\/#website\"},\"datePublished\":\"2021-09-10T08:15:49+00:00\",\"dateModified\":\"2024-11-11T11:57:28+00:00\",\"breadcrumb\":{\"@id\":\"https:\\\/\\\/acvas.cat\\\/es\\\/politica-de-privacidad\\\/#breadcrumb\"},\"inLanguage\":\"es\",\"potentialAction\":[{\"@type\":\"ReadAction\",\"target\":[\"https:\\\/\\\/acvas.cat\\\/es\\\/politica-de-privacidad\\\/\"]}]},{\"@type\":\"BreadcrumbList\",\"@id\":\"https:\\\/\\\/acvas.cat\\\/es\\\/politica-de-privacidad\\\/#breadcrumb\",\"itemListElement\":[{\"@type\":\"ListItem\",\"position\":1,\"name\":\"Inici\",\"item\":\"https:\\\/\\\/acvas.cat\\\/es\\\/\"},{\"@type\":\"ListItem\",\"position\":2,\"name\":\"Pol\u00edtica de privacidad\"}]},{\"@type\":\"WebSite\",\"@id\":\"https:\\\/\\\/acvas.cat\\\/es\\\/#website\",\"url\":\"https:\\\/\\\/acvas.cat\\\/es\\\/\",\"name\":\"ACVAS\",\"description\":\"\",\"potentialAction\":[{\"@type\":\"SearchAction\",\"target\":{\"@type\":\"EntryPoint\",\"urlTemplate\":\"https:\\\/\\\/acvas.cat\\\/es\\\/?s={search_term_string}\"},\"query-input\":{\"@type\":\"PropertyValueSpecification\",\"valueRequired\":true,\"valueName\":\"search_term_string\"}}],\"inLanguage\":\"es\"}]}<\/script>\n<!-- \/ Yoast SEO plugin. -->","yoast_head_json":{"title":"Pol\u00edtica de privacidad - ACVAS","robots":{"index":"index","follow":"follow","max-snippet":"max-snippet:-1","max-image-preview":"max-image-preview:large","max-video-preview":"max-video-preview:-1"},"canonical":"https:\/\/acvas.cat\/es\/politica-de-privacidad\/","og_locale":"es_ES","og_type":"article","og_title":"Pol\u00edtica de privacidad - ACVAS","og_description":"CABRERA, ADVOCATS, GESTORS, ASSESSORS SLPU en cumplimiento con el Reglamento Europeo de Protecci\u00f3n de Datos 679\/2016, y a la nueva Ley Org\u00e1nica 3\/2018, de 5 de diciembre, de Protecci\u00f3n de Datos Personales y garant\u00eda de los derechos digitales, garantiza la protecci\u00f3n y la confidencialidad de los datos personales de cualquier tipo, que nos proporcionen nuestros [&hellip;]","og_url":"https:\/\/acvas.cat\/es\/politica-de-privacidad\/","og_site_name":"ACVAS","article_modified_time":"2024-11-11T11:57:28+00:00","twitter_card":"summary_large_image","twitter_misc":{"Tiempo de lectura":"9 minutos"},"schema":{"@context":"https:\/\/schema.org","@graph":[{"@type":"WebPage","@id":"https:\/\/acvas.cat\/es\/politica-de-privacidad\/","url":"https:\/\/acvas.cat\/es\/politica-de-privacidad\/","name":"Pol\u00edtica de privacidad - ACVAS","isPartOf":{"@id":"https:\/\/acvas.cat\/es\/#website"},"datePublished":"2021-09-10T08:15:49+00:00","dateModified":"2024-11-11T11:57:28+00:00","breadcrumb":{"@id":"https:\/\/acvas.cat\/es\/politica-de-privacidad\/#breadcrumb"},"inLanguage":"es","potentialAction":[{"@type":"ReadAction","target":["https:\/\/acvas.cat\/es\/politica-de-privacidad\/"]}]},{"@type":"BreadcrumbList","@id":"https:\/\/acvas.cat\/es\/politica-de-privacidad\/#breadcrumb","itemListElement":[{"@type":"ListItem","position":1,"name":"Inici","item":"https:\/\/acvas.cat\/es\/"},{"@type":"ListItem","position":2,"name":"Pol\u00edtica de privacidad"}]},{"@type":"WebSite","@id":"https:\/\/acvas.cat\/es\/#website","url":"https:\/\/acvas.cat\/es\/","name":"ACVAS","description":"","potentialAction":[{"@type":"SearchAction","target":{"@type":"EntryPoint","urlTemplate":"https:\/\/acvas.cat\/es\/?s={search_term_string}"},"query-input":{"@type":"PropertyValueSpecification","valueRequired":true,"valueName":"search_term_string"}}],"inLanguage":"es"}]}},"_links":{"self":[{"href":"https:\/\/acvas.cat\/es\/wp-json\/wp\/v2\/pages\/238473","targetHints":{"allow":["GET"]}}],"collection":[{"href":"https:\/\/acvas.cat\/es\/wp-json\/wp\/v2\/pages"}],"about":[{"href":"https:\/\/acvas.cat\/es\/wp-json\/wp\/v2\/types\/page"}],"author":[{"embeddable":true,"href":"https:\/\/acvas.cat\/es\/wp-json\/wp\/v2\/users\/3"}],"replies":[{"embeddable":true,"href":"https:\/\/acvas.cat\/es\/wp-json\/wp\/v2\/comments?post=238473"}],"version-history":[{"count":8,"href":"https:\/\/acvas.cat\/es\/wp-json\/wp\/v2\/pages\/238473\/revisions"}],"predecessor-version":[{"id":238692,"href":"https:\/\/acvas.cat\/es\/wp-json\/wp\/v2\/pages\/238473\/revisions\/238692"}],"wp:attachment":[{"href":"https:\/\/acvas.cat\/es\/wp-json\/wp\/v2\/media?parent=238473"}],"curies":[{"name":"wp","href":"https:\/\/api.w.org\/{rel}","templated":true}]}}