{"id":238470,"date":"2021-09-10T10:16:07","date_gmt":"2021-09-10T08:16:07","guid":{"rendered":"https:\/\/acvas.cat\/aviso-legal\/"},"modified":"2024-11-11T12:57:21","modified_gmt":"2024-11-11T11:57:21","slug":"aviso-legal","status":"publish","type":"page","link":"https:\/\/acvas.cat\/es\/aviso-legal\/","title":{"rendered":"Aviso legal"},"content":{"rendered":"<p>[et_pb_section fb_built=\u00bb1&#8243; admin_label=\u00bbPage Title Section\u00bb _builder_version=\u00bb4.16&#8243; use_background_color_gradient=\u00bbon\u00bb background_color_gradient_stops=\u00bb#313e47 0%|rgba(49,62,71,0.5) 100%\u00bb background_color_gradient_overlays_image=\u00bbon\u00bb background_color_gradient_start=\u00bb#313e47&#8243; background_color_gradient_end=\u00bbrgba(49,62,71,0.5)\u00bb background_image=\u00bbhttps:\/\/acvas.cat\/wp-content\/uploads\/2022\/01\/home.jpg\u00bb custom_padding=\u00bb120px||120px|\u00bb locked=\u00bboff\u00bb global_colors_info=\u00bb{}\u00bb][et_pb_row admin_label=\u00bbPage Title Area\u00bb _builder_version=\u00bb4.16&#8243; background_size=\u00bbinitial\u00bb background_position=\u00bbtop_left\u00bb background_repeat=\u00bbrepeat\u00bb custom_margin_tablet=\u00bb\u00bb custom_margin_phone=\u00bb-50px||-50px||false|false\u00bb custom_margin_last_edited=\u00bbon|phone\u00bb global_colors_info=\u00bb{}\u00bb][et_pb_column type=\u00bb4_4&#8243; _builder_version=\u00bb4.16&#8243; custom_padding=\u00bb|||\u00bb global_colors_info=\u00bb{}\u00bb custom_padding__hover=\u00bb|||\u00bb][et_pb_text admin_label=\u00bbTitle\u00bb _builder_version=\u00bb4.24.0&#8243; _dynamic_attributes=\u00bbcontent\u00bb text_font=\u00bb||||||||\u00bb header_font=\u00bbPoppins||||||||\u00bb header_text_align=\u00bbcenter\u00bb header_text_color=\u00bb#FFFFFF\u00bb header_font_size=\u00bb48px\u00bb header_2_font=\u00bbPoppins|100|||||||\u00bb header_2_text_align=\u00bbcenter\u00bb header_2_text_color=\u00bb#FFFFFF\u00bb header_2_font_size=\u00bb48px\u00bb header_2_line_height=\u00bb1.6em\u00bb module_alignment=\u00bbcenter\u00bb custom_margin=\u00bb||10px|\u00bb custom_padding=\u00bb|||\u00bb animation_style=\u00bbfade\u00bb header_font_size_tablet=\u00bb\u00bb header_font_size_phone=\u00bb35px\u00bb header_font_size_last_edited=\u00bbon|desktop\u00bb header_line_height_tablet=\u00bb\u00bb header_line_height_phone=\u00bb1.2em\u00bb header_line_height_last_edited=\u00bbon|phone\u00bb header_2_font_size_tablet=\u00bb40px\u00bb header_2_font_size_phone=\u00bb\u00bb header_2_font_size_last_edited=\u00bbon|tablet\u00bb locked=\u00bboff\u00bb global_colors_info=\u00bb{}\u00bb]@ET-DC@eyJkeW5hbWljIjp0cnVlLCJjb250ZW50IjoicG9zdF90aXRsZSIsInNldHRpbmdzIjp7ImJlZm9yZSI6IjxoMT4iLCJhZnRlciI6IjxcL2gxPiJ9fQ==@[\/et_pb_text][\/et_pb_column][\/et_pb_row][\/et_pb_section][et_pb_section fb_built=\u00bb1&#8243; admin_label=\u00bbProject Section 01&#8243; module_id=\u00bbgestor\u00eda\u00bb _builder_version=\u00bb4.24.0&#8243; custom_padding=\u00bb|||\u00bb border_color_all=\u00bb#3b4147&#8243; border_width_left=\u00bb8vw\u00bb global_colors_info=\u00bb{}\u00bb][et_pb_row admin_label=\u00bbProject Area 01&#8243; module_class=\u00bb et_pb_row_fullwidth\u00bb _builder_version=\u00bb4.16&#8243; width=\u00bb89%\u00bb width_tablet=\u00bb80%\u00bb width_phone=\u00bb\u00bb width_last_edited=\u00bbon|desktop\u00bb max_width=\u00bb89%\u00bb max_width_tablet=\u00bb80%\u00bb max_width_phone=\u00bb\u00bb max_width_last_edited=\u00bbon|desktop\u00bb make_fullwidth=\u00bbon\u00bb global_colors_info=\u00bb{}\u00bb][et_pb_column type=\u00bb4_4&#8243; _builder_version=\u00bb4.16&#8243; custom_padding=\u00bb|||\u00bb global_colors_info=\u00bb{}\u00bb custom_padding__hover=\u00bb|||\u00bb][et_pb_text _builder_version=\u00bb4.24.0&#8243; text_font=\u00bbPoppins|300|||||||\u00bb text_font_size=\u00bb16px\u00bb text_line_height=\u00bb2em\u00bb text_orientation=\u00bbjustified\u00bb animation_style=\u00bbfade\u00bb text_orientation_tablet=\u00bbjustified\u00bb text_orientation_phone=\u00bbleft\u00bb text_orientation_last_edited=\u00bbon|phone\u00bb global_colors_info=\u00bb{}\u00bb]<\/p>\n<p><strong>CABRERA, ADVOCATS,GESTORS, ASSESSORS, SLPU<\/strong> , con domicilio en <strong>Girona<\/strong> en la Carretera Barcelona, n\u00fam 65 Entlo 17001-Girona planta y con C.I.F. n\u00famero <strong>B55339964<\/strong> inscrita en el Registro Mercantil de Girona, Tomo <strong>3225<\/strong>, Folio <strong>192<\/strong>, Hoja n\u00famero <strong>GI-65164<\/strong>, inscripci\u00f3n 1\u00aa, titular de la direcci\u00f3n URL <strong>www.acvas.cat<\/strong> y tel\u00e9fono de contacto el 972 40 17 17.<\/p>\n<p>Como usuario, es importante que conozca estos t\u00e9rminos antes de continuar su navegaci\u00f3n.<\/p>\n<p>Como responsable de esta web, asumo el compromiso de procesar la informaci\u00f3n de mis usuarios y clientes con plenas garant\u00edas y cumplir con los requisitos nacionales y europeos que regulan la recopilaci\u00f3n y uso de los datos personales de mis usuarios.<\/p>\n<p>Se ha adecuado a la Ley Org\u00e1nica 3\/2018, de 5 de diciembre, de Protecci\u00f3n de Datos Personales y garant\u00eda de los derechos digitales (LOPD), cumpliendo igualmente con el Reglamento (UE) 2016\/679 del Parlamento Europeo y del Consejo de 27 de abril de 2016 relativo a la protecci\u00f3n de las personas f\u00edsicas (RGPD), as\u00ed como con la Ley 34\/2002, de 11 de julio, de Servicios de la Sociedad de la Informaci\u00f3n y Comercio Electr\u00f3nico (LSSICE o LSSI)<\/p>\n<p><strong>Obligaciones de los usuarios<\/strong><\/p>\n<p>El usuario queda informado, y acepta, que el acceso a la presente web no supone, en modo alguno, el inicio de una relaci\u00f3n comercial con <strong>CABRERA, ADVOCATS,GESTORS, ASSESSORS, SLPU<\/strong>. De esta forma, el usuario se compromete a utilizar el sitio web, sus servicios y contenidos sin contravenir la legislaci\u00f3n vigente, la buena fe y el orden p\u00fablico. <\/p>\n<p>Queda prohibido el uso de la web, con fines il\u00edcitos o lesivos, o que, de cualquier forma, puedan causar perjuicio o impedir el normal funcionamiento del sitio web. Respecto de los contenidos de esta web, se proh\u00edbe: <\/p>\n<ul>\n<li>Su reproducci\u00f3n, distribuci\u00f3n o modificaci\u00f3n, total o parcial, a menos que se cuente con mi autorizaci\u00f3n como leg\u00edtimo titular.<\/li>\n<li>Cualquier vulneraci\u00f3n de los derechos del prestador o de mi como leg\u00edtimo titular.<\/li>\n<li>Su utilizaci\u00f3n para fines comerciales o publicitarios.<\/li>\n<\/ul>\n<p>En la utilizaci\u00f3n de la web de <strong>CABRERA, ADVOCATS,GESTORS, ASSESSORS, SLPU<\/strong> el usuario se compromete a no llevar a cabo ninguna conducta que pudiera da\u00f1ar la imagen, los intereses y los derechos de <strong>CABRERA,ADVOCATS,GESTORS, ASSESSORS, SLPU<\/strong> ,o de terceros o que pudiera da\u00f1ar, inutilizar o sobrecargar el portal <strong>CABRERA,ADVOCATS,GESTORS, ASSESSORS, SLPU<\/strong> que impidiera, de cualquier forma, la normal utilizaci\u00f3n de la web.<\/p>\n<p>No obstante, el usuario debe ser consciente de que las medidas de seguridad de los sistemas inform\u00e1ticos en Internet no son enteramente fiables y que, por tanto el <strong>CABRERA, ADVOCATS, GESTORS, ASSESSORS, SLPU<\/strong> no puede garantizar la inexistencia de malware u otros elementos que puedan producir alteraciones en los sistemas inform\u00e1ticos (software y hardware) del <br \/>usuario o en sus documentos electr\u00f3nicos y ficheros contenidos en los mismos, aunque pongo todos los medios necesarios y las medidas de seguridad oportunas para evitar la presencia de estos elementos da\u00f1inos.<\/p>\n<p><strong>Datos de car\u00e1cter personal<\/strong><\/p>\n<p><strong>CABRERA, ADVOCATS, GESTORS, ASSESSORS, SLPU<\/strong> cumple \u00edntegramente con la legislaci\u00f3n vigente en materia de protecci\u00f3n de datos de car\u00e1cter personal y con los compromisos de confidencialidad propios de su actividad. <strong>CABRERA, ADVOCATS, GESTORS, ASSESSORS, SLPU<\/strong> ha adoptado las medidas t\u00e9cnicas necesarias para mantener el nivel de seguridad requerido, seg\u00fan la naturaleza de los datos personales tratados y las circunstancias del tratamiento, con el objeto de evitar, en la medida de lo posible y siempre seg\u00fan el estado de la t\u00e9cnica, su alteraci\u00f3n, p\u00e9rdida, tratamiento o acceso no autorizado.<br \/><strong>CABRERA, ADVOCATS, GESTORS, ASSESSORS, SLPU<\/strong> dispone de una Pol\u00edtica de Privacidad donde describe, con detalle, nuestros esfuerzos por la transparencia y la seguridad de la informaci\u00f3n que manejamos.<\/p>\n<p><strong>Propiedad intelectual e industrial<\/strong><\/p>\n<p>Todas las marcas, nombres comerciales o signos distintivos de cualquier clase que aparecen en la p\u00e1gina web son propiedad de <strong>CABRERA, ADVOCATS, GESTORS, ASSESSORS, SLPU<\/strong> o de terceros autorizados, sin que pueda entenderse que el uso o acceso a la p\u00e1gina web atribuya al Usuario derecho sobre las citadas marcas, nombres comerciales y\/o signos distintivos.<\/p>\n<p>Asimismo, los Contenidos son propiedad intelectual de <strong>CABRERA, ADVOCATS, GESTORS, ASSESSORS, SLPU<\/strong> o de terceros, sin que puedan entenderse cedidos al Usuario, en virtud de lo establecido en la Pol\u00edtica de Privacidad.<\/p>\n<p><strong>Responsabilidades<\/strong><\/p>\n<p><strong>CABRERA, ADVOCATS, GESTORS, ASSESSORS SLPU<\/strong> no se responsabiliza de los da\u00f1os o perjuicios de cualquier tipo producidos en el Usuario que traigan causa de fallos o desconexiones en las redes de telecomunicaciones que produzcan la suspensi\u00f3n, cancelaci\u00f3n o interrupci\u00f3n del servicio de la p\u00e1gina web durante la prestaci\u00f3n del mismo o con car\u00e1cter previo.<\/p>\n<p><strong>CABRERA, ADVOCATS, GESTORS, ASSESSORS SLPU<\/strong> no es responsable de la informaci\u00f3n y dem\u00e1s contenidos integrados en espacios o p\u00e1ginas web de terceros accesibles desde el portal de <strong>CABRERA, ADVOCATS, GESTORS, ASSESSORS SLPU<\/strong> mediante enlaces, hiperv\u00ednculos o links, ni de la informaci\u00f3n y dem\u00e1s contenidos integrados en espacios o p\u00e1ginas web de terceros desde los que se acceda mediante enlaces, hiperv\u00ednculos o links al portal.<\/p>\n<p><strong>CABRERA, ADVOCATS, GESTORS, ASSESSORS SLPU<\/strong> tampoco asume responsabilidad alguna por da\u00f1os, perjuicios, p\u00e9rdidas, reclamaciones o gastos, producidos por:<\/p>\n<p>(I) Interferencias, interrupciones, fallos, omisiones, aver\u00edas telef\u00f3nicas, retrasos, bloqueos o desconexiones en el funcionamiento del sistema electr\u00f3nico, motivadas por deficiencias, sobrecargas y errores en las l\u00edneas y redes de telecomunicaciones, o por cualquier otra causa ajena al control de <strong>CABRERA, ADVOCATS, GESTORS, ASSESSORS SLPU<\/strong>.<\/p>\n<p>(II) Intromisiones ileg\u00edtimas mediante el uso de programas malignos de cualquier tipo y a trav\u00e9s de cualquier medio de comunicaci\u00f3n, tales como virus inform\u00e1ticos\u2026.<\/p>\n<p>(III) Uso indebido o inadecuado de las p\u00e1ginas web de <strong>CABRERA, ADVOCATS, GESTORS, ASSESSORS SLPU<\/strong>.<\/p>\n<p>(IV) Errores de seguridad o navegaci\u00f3n producidos por un mal funcionamiento del navegador o por el uso de versiones no actualizadas del mismo. <\/p>\n<p><strong>Ley aplicable<\/strong><\/p>\n<p>Este aviso legal se rige en todos y cada uno de sus extremos por la ley espa\u00f1ola, y el Nuevo Reglamento Europeo de Protecci\u00f3n de Datos 679\/2016.<\/p>\n<p>Para la resoluci\u00f3n de cualquier conflicto que pudiera derivarse del acceso a la p\u00e1gina web, el Usuario y <strong>CABRERA, ADVOCATS, GESTORS, ASSESSORS, SLPU<\/strong> acuerdan someterse expresamente a los juzgados y tribunales de la ciudad de Girona, con renuncia a cualquier otro fuero general o especial que les pudiera corresponder.<\/p>\n<p>En las presentes condiciones se les aplicar\u00e1 tambi\u00e9n la Ley 34\/2002 de 11 de julio de Servicios de la Informaci\u00f3n y Comercio Electr\u00f3nico.<\/p>\n<p>[\/et_pb_text][\/et_pb_column][\/et_pb_row][\/et_pb_section]<\/p>\n","protected":false},"excerpt":{"rendered":"<p>CABRERA, ADVOCATS,GESTORS, ASSESSORS, SLPU , con domicilio en Girona en la Carretera Barcelona, n\u00fam 65 Entlo 17001-Girona planta y con C.I.F. n\u00famero B55339964 inscrita en el Registro Mercantil de Girona, Tomo 3225, Folio 192, Hoja n\u00famero GI-65164, inscripci\u00f3n 1\u00aa, titular de la direcci\u00f3n URL www.acvas.cat y tel\u00e9fono de contacto el 972 40 17 17. Como [&hellip;]<\/p>\n","protected":false},"author":3,"featured_media":0,"parent":0,"menu_order":0,"comment_status":"closed","ping_status":"closed","template":"","meta":{"_et_pb_use_builder":"on","_et_pb_old_content":"","_et_gb_content_width":"","footnotes":""},"class_list":["post-238470","page","type-page","status-publish","hentry"],"yoast_head":"<!-- This site is optimized with the Yoast SEO plugin v27.4 - https:\/\/yoast.com\/product\/yoast-seo-wordpress\/ -->\n<title>Aviso legal - ACVAS<\/title>\n<meta name=\"robots\" content=\"index, follow, max-snippet:-1, max-image-preview:large, max-video-preview:-1\" \/>\n<link rel=\"canonical\" href=\"https:\/\/acvas.cat\/es\/aviso-legal\/\" \/>\n<meta property=\"og:locale\" content=\"es_ES\" \/>\n<meta property=\"og:type\" content=\"article\" \/>\n<meta property=\"og:title\" content=\"Aviso legal - ACVAS\" \/>\n<meta property=\"og:description\" content=\"CABRERA, ADVOCATS,GESTORS, ASSESSORS, SLPU , con domicilio en Girona en la Carretera Barcelona, n\u00fam 65 Entlo 17001-Girona planta y con C.I.F. n\u00famero B55339964 inscrita en el Registro Mercantil de Girona, Tomo 3225, Folio 192, Hoja n\u00famero GI-65164, inscripci\u00f3n 1\u00aa, titular de la direcci\u00f3n URL www.acvas.cat y tel\u00e9fono de contacto el 972 40 17 17. Como [&hellip;]\" \/>\n<meta property=\"og:url\" content=\"https:\/\/acvas.cat\/es\/aviso-legal\/\" \/>\n<meta property=\"og:site_name\" content=\"ACVAS\" \/>\n<meta property=\"article:modified_time\" content=\"2024-11-11T11:57:21+00:00\" \/>\n<meta name=\"twitter:card\" content=\"summary_large_image\" \/>\n<meta name=\"twitter:label1\" content=\"Tiempo de lectura\" \/>\n\t<meta name=\"twitter:data1\" content=\"7 minutos\" \/>\n<script type=\"application\/ld+json\" class=\"yoast-schema-graph\">{\"@context\":\"https:\\\/\\\/schema.org\",\"@graph\":[{\"@type\":\"WebPage\",\"@id\":\"https:\\\/\\\/acvas.cat\\\/es\\\/aviso-legal\\\/\",\"url\":\"https:\\\/\\\/acvas.cat\\\/es\\\/aviso-legal\\\/\",\"name\":\"Aviso legal - ACVAS\",\"isPartOf\":{\"@id\":\"https:\\\/\\\/acvas.cat\\\/es\\\/#website\"},\"datePublished\":\"2021-09-10T08:16:07+00:00\",\"dateModified\":\"2024-11-11T11:57:21+00:00\",\"breadcrumb\":{\"@id\":\"https:\\\/\\\/acvas.cat\\\/es\\\/aviso-legal\\\/#breadcrumb\"},\"inLanguage\":\"es\",\"potentialAction\":[{\"@type\":\"ReadAction\",\"target\":[\"https:\\\/\\\/acvas.cat\\\/es\\\/aviso-legal\\\/\"]}]},{\"@type\":\"BreadcrumbList\",\"@id\":\"https:\\\/\\\/acvas.cat\\\/es\\\/aviso-legal\\\/#breadcrumb\",\"itemListElement\":[{\"@type\":\"ListItem\",\"position\":1,\"name\":\"Inici\",\"item\":\"https:\\\/\\\/acvas.cat\\\/es\\\/\"},{\"@type\":\"ListItem\",\"position\":2,\"name\":\"Aviso legal\"}]},{\"@type\":\"WebSite\",\"@id\":\"https:\\\/\\\/acvas.cat\\\/es\\\/#website\",\"url\":\"https:\\\/\\\/acvas.cat\\\/es\\\/\",\"name\":\"ACVAS\",\"description\":\"\",\"potentialAction\":[{\"@type\":\"SearchAction\",\"target\":{\"@type\":\"EntryPoint\",\"urlTemplate\":\"https:\\\/\\\/acvas.cat\\\/es\\\/?s={search_term_string}\"},\"query-input\":{\"@type\":\"PropertyValueSpecification\",\"valueRequired\":true,\"valueName\":\"search_term_string\"}}],\"inLanguage\":\"es\"}]}<\/script>\n<!-- \/ Yoast SEO plugin. -->","yoast_head_json":{"title":"Aviso legal - ACVAS","robots":{"index":"index","follow":"follow","max-snippet":"max-snippet:-1","max-image-preview":"max-image-preview:large","max-video-preview":"max-video-preview:-1"},"canonical":"https:\/\/acvas.cat\/es\/aviso-legal\/","og_locale":"es_ES","og_type":"article","og_title":"Aviso legal - ACVAS","og_description":"CABRERA, ADVOCATS,GESTORS, ASSESSORS, SLPU , con domicilio en Girona en la Carretera Barcelona, n\u00fam 65 Entlo 17001-Girona planta y con C.I.F. n\u00famero B55339964 inscrita en el Registro Mercantil de Girona, Tomo 3225, Folio 192, Hoja n\u00famero GI-65164, inscripci\u00f3n 1\u00aa, titular de la direcci\u00f3n URL www.acvas.cat y tel\u00e9fono de contacto el 972 40 17 17. Como [&hellip;]","og_url":"https:\/\/acvas.cat\/es\/aviso-legal\/","og_site_name":"ACVAS","article_modified_time":"2024-11-11T11:57:21+00:00","twitter_card":"summary_large_image","twitter_misc":{"Tiempo de lectura":"7 minutos"},"schema":{"@context":"https:\/\/schema.org","@graph":[{"@type":"WebPage","@id":"https:\/\/acvas.cat\/es\/aviso-legal\/","url":"https:\/\/acvas.cat\/es\/aviso-legal\/","name":"Aviso legal - ACVAS","isPartOf":{"@id":"https:\/\/acvas.cat\/es\/#website"},"datePublished":"2021-09-10T08:16:07+00:00","dateModified":"2024-11-11T11:57:21+00:00","breadcrumb":{"@id":"https:\/\/acvas.cat\/es\/aviso-legal\/#breadcrumb"},"inLanguage":"es","potentialAction":[{"@type":"ReadAction","target":["https:\/\/acvas.cat\/es\/aviso-legal\/"]}]},{"@type":"BreadcrumbList","@id":"https:\/\/acvas.cat\/es\/aviso-legal\/#breadcrumb","itemListElement":[{"@type":"ListItem","position":1,"name":"Inici","item":"https:\/\/acvas.cat\/es\/"},{"@type":"ListItem","position":2,"name":"Aviso legal"}]},{"@type":"WebSite","@id":"https:\/\/acvas.cat\/es\/#website","url":"https:\/\/acvas.cat\/es\/","name":"ACVAS","description":"","potentialAction":[{"@type":"SearchAction","target":{"@type":"EntryPoint","urlTemplate":"https:\/\/acvas.cat\/es\/?s={search_term_string}"},"query-input":{"@type":"PropertyValueSpecification","valueRequired":true,"valueName":"search_term_string"}}],"inLanguage":"es"}]}},"_links":{"self":[{"href":"https:\/\/acvas.cat\/es\/wp-json\/wp\/v2\/pages\/238470","targetHints":{"allow":["GET"]}}],"collection":[{"href":"https:\/\/acvas.cat\/es\/wp-json\/wp\/v2\/pages"}],"about":[{"href":"https:\/\/acvas.cat\/es\/wp-json\/wp\/v2\/types\/page"}],"author":[{"embeddable":true,"href":"https:\/\/acvas.cat\/es\/wp-json\/wp\/v2\/users\/3"}],"replies":[{"embeddable":true,"href":"https:\/\/acvas.cat\/es\/wp-json\/wp\/v2\/comments?post=238470"}],"version-history":[{"count":11,"href":"https:\/\/acvas.cat\/es\/wp-json\/wp\/v2\/pages\/238470\/revisions"}],"predecessor-version":[{"id":238687,"href":"https:\/\/acvas.cat\/es\/wp-json\/wp\/v2\/pages\/238470\/revisions\/238687"}],"wp:attachment":[{"href":"https:\/\/acvas.cat\/es\/wp-json\/wp\/v2\/media?parent=238470"}],"curies":[{"name":"wp","href":"https:\/\/api.w.org\/{rel}","templated":true}]}}