{"id":238420,"date":"2024-10-08T13:39:57","date_gmt":"2024-10-08T11:39:57","guid":{"rendered":"https:\/\/acvas.cat\/equipo\/lidia-fabrelles-puig\/"},"modified":"2024-12-17T08:54:56","modified_gmt":"2024-12-17T07:54:56","slug":"lidia-fabrelles-puig","status":"publish","type":"page","link":"https:\/\/acvas.cat\/es\/equipo\/lidia-fabrelles-puig\/","title":{"rendered":"Lidia Fabrelles Puig"},"content":{"rendered":"<p>[et_pb_section fb_built=\u00bb1&#8243; admin_label=\u00bbHeader\u00bb _builder_version=\u00bb4.24.0&#8243; _module_preset=\u00bbdefault\u00bb use_background_color_gradient=\u00bbon\u00bb background_color_gradient_stops=\u00bbrgba(31,35,44,0.7) 0%|gcid-9fa4a1b6-767d-41ca-984c-a6f10449c843 100%\u00bb background_color_gradient_overlays_image=\u00bbon\u00bb background_image=\u00bbhttps:\/\/acvas.cat\/wp-content\/uploads\/2022\/01\/home.jpg\u00bb custom_padding=\u00bb8vw||8vw||true|false\u00bb locked=\u00bboff\u00bb collapsed=\u00bboff\u00bb global_colors_info=\u00bb{%22gcid-9fa4a1b6-767d-41ca-984c-a6f10449c843%22:%91%22background_color_gradient_stops%22%93}\u00bb][et_pb_row _builder_version=\u00bb4.24.0&#8243; _module_preset=\u00bbdefault\u00bb max_width=\u00bb800px\u00bb custom_margin=\u00bb-90px||-90px||true|false\u00bb global_colors_info=\u00bb{}\u00bb][et_pb_column type=\u00bb4_4&#8243; _builder_version=\u00bb4.20.0&#8243; _module_preset=\u00bbdefault\u00bb global_colors_info=\u00bb{}\u00bb][et_pb_text _builder_version=\u00bb4.24.0&#8243; _module_preset=\u00bb2d3a6e8d-0cc8-46ea-b6a4-4c227a0087e5&#8243; header_font=\u00bbPoppins|300||on|||||\u00bb header_text_color=\u00bb#FFFFFF\u00bb header_font_size=\u00bb33px\u00bb header_line_height=\u00bb1.4em\u00bb text_orientation=\u00bbcenter\u00bb custom_margin_tablet=\u00bb\u00bb custom_margin_phone=\u00bb107px||||false|false\u00bb custom_margin_last_edited=\u00bbon|phone\u00bb global_colors_info=\u00bb{}\u00bb]<\/p>\n<h1>Lidia Fabrelles Puig<\/h1>\n<p>[\/et_pb_text][et_pb_divider color=\u00bb#FFFFFF\u00bb _builder_version=\u00bb4.24.0&#8243; _module_preset=\u00bbdefault\u00bb width=\u00bb23%\u00bb module_alignment=\u00bbcenter\u00bb global_colors_info=\u00bb{}\u00bb][\/et_pb_divider][et_pb_text _builder_version=\u00bb4.24.0&#8243; _module_preset=\u00bb2d3a6e8d-0cc8-46ea-b6a4-4c227a0087e5&#8243; text_font=\u00bbPoppins||||||||\u00bb text_text_color=\u00bb#FFFFFF\u00bb text_font_size=\u00bb17px\u00bb header_font=\u00bbPoppins|300||on|||||\u00bb header_text_color=\u00bb#FFFFFF\u00bb header_font_size=\u00bb33px\u00bb header_line_height=\u00bb1.4em\u00bb text_orientation=\u00bbcenter\u00bb custom_margin=\u00bb-7px||26px||false|false\u00bb custom_margin_tablet=\u00bb\u00bb custom_margin_phone=\u00bb-19px||73px||false|false\u00bb custom_margin_last_edited=\u00bbon|phone\u00bb global_colors_info=\u00bb{}\u00bb]<\/p>\n<p>Abogada<\/p>\n<p>[\/et_pb_text][\/et_pb_column][\/et_pb_row][et_pb_row _builder_version=\u00bb4.27.4&#8243; _module_preset=\u00bbdefault\u00bb locked=\u00bboff\u00bb][et_pb_column _builder_version=\u00bb4.27.4&#8243; _module_preset=\u00bbdefault\u00bb type=\u00bb4_4&#8243;][et_pb_image src=\u00bbhttps:\/\/acvas.cat\/wp-content\/uploads\/2024\/12\/Lidia-CV.jpg\u00bb _builder_version=\u00bb4.27.4&#8243; _module_preset=\u00bbdefault\u00bb title_text=\u00bbLidia-CV\u00bb align=\u00bbcenter\u00bb width=\u00bb19%\u00bb border_radii=\u00bbon|100%|100%|100%|100%\u00bb hover_enabled=\u00bb0&#8243; sticky_enabled=\u00bb0&#8243; border_width_all=\u00bb6px\u00bb border_color_all=\u00bb#FFFFFF\u00bb box_shadow_style=\u00bbpreset3&#8243; custom_margin=\u00bb||-268px||false|false\u00bb width_last_edited=\u00bbon|phone\u00bb width_phone=\u00bb63%\u00bb custom_margin_last_edited=\u00bbon|phone\u00bb custom_margin_phone=\u00bb-48px||-81px||false|false\u00bb width_tablet=\u00bb33%\u00bb custom_margin_tablet=\u00bb||-123px||false|false\u00bb][\/et_pb_image][\/et_pb_column][\/et_pb_row][\/et_pb_section][et_pb_section fb_built=\u00bb1&#8243; admin_label=\u00bbProject Section 01&#8243; module_id=\u00bbgestor\u00eda\u00bb _builder_version=\u00bb4.24.0&#8243; custom_padding=\u00bb0px|||||\u00bb border_color_all=\u00bb#3b4147&#8243; border_width_left=\u00bb8vw\u00bb locked=\u00bboff\u00bb global_colors_info=\u00bb{}\u00bb][et_pb_row admin_label=\u00bbProject Area 01&#8243; module_class=\u00bb et_pb_row_fullwidth\u00bb _builder_version=\u00bb4.16&#8243; width=\u00bb89%\u00bb width_tablet=\u00bb80%\u00bb width_phone=\u00bb\u00bb width_last_edited=\u00bbon|desktop\u00bb max_width=\u00bb89%\u00bb max_width_tablet=\u00bb80%\u00bb max_width_phone=\u00bb\u00bb max_width_last_edited=\u00bbon|desktop\u00bb make_fullwidth=\u00bbon\u00bb global_colors_info=\u00bb{}\u00bb][et_pb_column type=\u00bb4_4&#8243; _builder_version=\u00bb4.16&#8243; custom_padding=\u00bb|||\u00bb global_colors_info=\u00bb{}\u00bb custom_padding__hover=\u00bb|||\u00bb][et_pb_text disabled_on=\u00bboff|off|off\u00bb admin_label=\u00bbTitle\u00bb _builder_version=\u00bb4.24.0&#8243; text_font=\u00bb||||||||\u00bb header_font=\u00bb||||||||\u00bb header_2_font=\u00bbPoppins|300|||||||\u00bb header_2_font_size=\u00bb27px\u00bb header_2_line_height=\u00bb1.6em\u00bb custom_margin=\u00bb||10px|\u00bb animation_style=\u00bbslide\u00bb animation_direction=\u00bbtop\u00bb animation_intensity_slide=\u00bb5%\u00bb animation_starting_opacity=\u00bb100%\u00bb global_colors_info=\u00bb{}\u00bb]<\/p>\n<h2>Curr\u00edculum<\/h2>\n<p>[\/et_pb_text][et_pb_divider color=\u00bb#444444&#8243; divider_position=\u00bbcenter\u00bb divider_weight=\u00bb3px\u00bb _builder_version=\u00bb4.16&#8243; max_width=\u00bb70px\u00bb animation_style=\u00bbslide\u00bb animation_direction=\u00bbtop\u00bb animation_intensity_slide=\u00bb10%\u00bb animation_starting_opacity=\u00bb100%\u00bb global_colors_info=\u00bb{}\u00bb][\/et_pb_divider][et_pb_text _builder_version=\u00bb4.24.0&#8243; text_font=\u00bbPoppins|300|||||||\u00bb text_font_size=\u00bb16px\u00bb text_line_height=\u00bb2em\u00bb text_orientation=\u00bbjustified\u00bb animation_style=\u00bbfade\u00bb text_orientation_tablet=\u00bbjustified\u00bb text_orientation_phone=\u00bbleft\u00bb text_orientation_last_edited=\u00bbon|phone\u00bb global_colors_info=\u00bb{}\u00bb]<\/p>\n<ul>\n<li>Graduada en Derecho por la Universidad de Girona (UdG).<\/li>\n<li>M\u00e1ster de la Abogac\u00eda por el Ilustre Colegio de Abogados de Girona (ICAG).<\/li>\n<li>Curso pr\u00e1ctico de Bolsa y Mercados Financieros, acreditado por el Centro de Estudios Financieros (CEF).<\/li>\n<li>ABOGADA en ejercicio, colegiada miembro del ilustre Colegio de la Abogac\u00eda de Girona (ICAG).<\/li>\n<li>Curso de especializaci\u00f3n en materia de violencia dom\u00e9stica y sobre la mujer, acreditado por el Ilustre Colegio de Abogados de Girona (ICAG).<\/li>\n<\/ul>\n<p>[\/et_pb_text][\/et_pb_column][\/et_pb_row][\/et_pb_section]<\/p>\n","protected":false},"excerpt":{"rendered":"<p>Lidia Fabrelles PuigAbogadaCurr\u00edculum Graduada en Derecho por la Universidad de Girona (UdG). M\u00e1ster de la Abogac\u00eda por el Ilustre Colegio de Abogados de Girona (ICAG). Curso pr\u00e1ctico de Bolsa y Mercados Financieros, acreditado por el Centro de Estudios Financieros (CEF). ABOGADA en ejercicio, colegiada miembro del ilustre Colegio de la Abogac\u00eda de Girona (ICAG). Curso [&hellip;]<\/p>\n","protected":false},"author":3,"featured_media":0,"parent":238405,"menu_order":0,"comment_status":"closed","ping_status":"closed","template":"","meta":{"_et_pb_use_builder":"on","_et_pb_old_content":"","_et_gb_content_width":"","footnotes":""},"class_list":["post-238420","page","type-page","status-publish","hentry"],"yoast_head":"<!-- This site is optimized with the Yoast SEO plugin v27.4 - https:\/\/yoast.com\/product\/yoast-seo-wordpress\/ -->\n<title>Lidia Fabrelles Puig - ACVAS<\/title>\n<meta name=\"robots\" content=\"index, follow, max-snippet:-1, max-image-preview:large, max-video-preview:-1\" \/>\n<link rel=\"canonical\" href=\"https:\/\/acvas.cat\/es\/equipo\/lidia-fabrelles-puig\/\" \/>\n<meta property=\"og:locale\" content=\"es_ES\" \/>\n<meta property=\"og:type\" content=\"article\" \/>\n<meta property=\"og:title\" content=\"Lidia Fabrelles Puig - ACVAS\" \/>\n<meta property=\"og:description\" content=\"Lidia Fabrelles PuigAbogadaCurr\u00edculum Graduada en Derecho por la Universidad de Girona (UdG). M\u00e1ster de la Abogac\u00eda por el Ilustre Colegio de Abogados de Girona (ICAG). Curso pr\u00e1ctico de Bolsa y Mercados Financieros, acreditado por el Centro de Estudios Financieros (CEF). ABOGADA en ejercicio, colegiada miembro del ilustre Colegio de la Abogac\u00eda de Girona (ICAG). Curso [&hellip;]\" \/>\n<meta property=\"og:url\" content=\"https:\/\/acvas.cat\/es\/equipo\/lidia-fabrelles-puig\/\" \/>\n<meta property=\"og:site_name\" content=\"ACVAS\" \/>\n<meta property=\"article:modified_time\" content=\"2024-12-17T07:54:56+00:00\" \/>\n<meta name=\"twitter:card\" content=\"summary_large_image\" \/>\n<meta name=\"twitter:label1\" content=\"Tiempo de lectura\" \/>\n\t<meta name=\"twitter:data1\" content=\"3 minutos\" \/>\n<script type=\"application\/ld+json\" class=\"yoast-schema-graph\">{\"@context\":\"https:\\\/\\\/schema.org\",\"@graph\":[{\"@type\":\"WebPage\",\"@id\":\"https:\\\/\\\/acvas.cat\\\/es\\\/equipo\\\/lidia-fabrelles-puig\\\/\",\"url\":\"https:\\\/\\\/acvas.cat\\\/es\\\/equipo\\\/lidia-fabrelles-puig\\\/\",\"name\":\"Lidia Fabrelles Puig - ACVAS\",\"isPartOf\":{\"@id\":\"https:\\\/\\\/acvas.cat\\\/es\\\/#website\"},\"datePublished\":\"2024-10-08T11:39:57+00:00\",\"dateModified\":\"2024-12-17T07:54:56+00:00\",\"breadcrumb\":{\"@id\":\"https:\\\/\\\/acvas.cat\\\/es\\\/equipo\\\/lidia-fabrelles-puig\\\/#breadcrumb\"},\"inLanguage\":\"es\",\"potentialAction\":[{\"@type\":\"ReadAction\",\"target\":[\"https:\\\/\\\/acvas.cat\\\/es\\\/equipo\\\/lidia-fabrelles-puig\\\/\"]}]},{\"@type\":\"BreadcrumbList\",\"@id\":\"https:\\\/\\\/acvas.cat\\\/es\\\/equipo\\\/lidia-fabrelles-puig\\\/#breadcrumb\",\"itemListElement\":[{\"@type\":\"ListItem\",\"position\":1,\"name\":\"Inici\",\"item\":\"https:\\\/\\\/acvas.cat\\\/es\\\/\"},{\"@type\":\"ListItem\",\"position\":2,\"name\":\"Equipo\",\"item\":\"https:\\\/\\\/acvas.cat\\\/es\\\/equip\\\/\"},{\"@type\":\"ListItem\",\"position\":3,\"name\":\"Lidia Fabrelles Puig\"}]},{\"@type\":\"WebSite\",\"@id\":\"https:\\\/\\\/acvas.cat\\\/es\\\/#website\",\"url\":\"https:\\\/\\\/acvas.cat\\\/es\\\/\",\"name\":\"ACVAS\",\"description\":\"\",\"potentialAction\":[{\"@type\":\"SearchAction\",\"target\":{\"@type\":\"EntryPoint\",\"urlTemplate\":\"https:\\\/\\\/acvas.cat\\\/es\\\/?s={search_term_string}\"},\"query-input\":{\"@type\":\"PropertyValueSpecification\",\"valueRequired\":true,\"valueName\":\"search_term_string\"}}],\"inLanguage\":\"es\"}]}<\/script>\n<!-- \/ Yoast SEO plugin. -->","yoast_head_json":{"title":"Lidia Fabrelles Puig - ACVAS","robots":{"index":"index","follow":"follow","max-snippet":"max-snippet:-1","max-image-preview":"max-image-preview:large","max-video-preview":"max-video-preview:-1"},"canonical":"https:\/\/acvas.cat\/es\/equipo\/lidia-fabrelles-puig\/","og_locale":"es_ES","og_type":"article","og_title":"Lidia Fabrelles Puig - ACVAS","og_description":"Lidia Fabrelles PuigAbogadaCurr\u00edculum Graduada en Derecho por la Universidad de Girona (UdG). M\u00e1ster de la Abogac\u00eda por el Ilustre Colegio de Abogados de Girona (ICAG). Curso pr\u00e1ctico de Bolsa y Mercados Financieros, acreditado por el Centro de Estudios Financieros (CEF). ABOGADA en ejercicio, colegiada miembro del ilustre Colegio de la Abogac\u00eda de Girona (ICAG). Curso [&hellip;]","og_url":"https:\/\/acvas.cat\/es\/equipo\/lidia-fabrelles-puig\/","og_site_name":"ACVAS","article_modified_time":"2024-12-17T07:54:56+00:00","twitter_card":"summary_large_image","twitter_misc":{"Tiempo de lectura":"3 minutos"},"schema":{"@context":"https:\/\/schema.org","@graph":[{"@type":"WebPage","@id":"https:\/\/acvas.cat\/es\/equipo\/lidia-fabrelles-puig\/","url":"https:\/\/acvas.cat\/es\/equipo\/lidia-fabrelles-puig\/","name":"Lidia Fabrelles Puig - ACVAS","isPartOf":{"@id":"https:\/\/acvas.cat\/es\/#website"},"datePublished":"2024-10-08T11:39:57+00:00","dateModified":"2024-12-17T07:54:56+00:00","breadcrumb":{"@id":"https:\/\/acvas.cat\/es\/equipo\/lidia-fabrelles-puig\/#breadcrumb"},"inLanguage":"es","potentialAction":[{"@type":"ReadAction","target":["https:\/\/acvas.cat\/es\/equipo\/lidia-fabrelles-puig\/"]}]},{"@type":"BreadcrumbList","@id":"https:\/\/acvas.cat\/es\/equipo\/lidia-fabrelles-puig\/#breadcrumb","itemListElement":[{"@type":"ListItem","position":1,"name":"Inici","item":"https:\/\/acvas.cat\/es\/"},{"@type":"ListItem","position":2,"name":"Equipo","item":"https:\/\/acvas.cat\/es\/equip\/"},{"@type":"ListItem","position":3,"name":"Lidia Fabrelles Puig"}]},{"@type":"WebSite","@id":"https:\/\/acvas.cat\/es\/#website","url":"https:\/\/acvas.cat\/es\/","name":"ACVAS","description":"","potentialAction":[{"@type":"SearchAction","target":{"@type":"EntryPoint","urlTemplate":"https:\/\/acvas.cat\/es\/?s={search_term_string}"},"query-input":{"@type":"PropertyValueSpecification","valueRequired":true,"valueName":"search_term_string"}}],"inLanguage":"es"}]}},"_links":{"self":[{"href":"https:\/\/acvas.cat\/es\/wp-json\/wp\/v2\/pages\/238420","targetHints":{"allow":["GET"]}}],"collection":[{"href":"https:\/\/acvas.cat\/es\/wp-json\/wp\/v2\/pages"}],"about":[{"href":"https:\/\/acvas.cat\/es\/wp-json\/wp\/v2\/types\/page"}],"author":[{"embeddable":true,"href":"https:\/\/acvas.cat\/es\/wp-json\/wp\/v2\/users\/3"}],"replies":[{"embeddable":true,"href":"https:\/\/acvas.cat\/es\/wp-json\/wp\/v2\/comments?post=238420"}],"version-history":[{"count":9,"href":"https:\/\/acvas.cat\/es\/wp-json\/wp\/v2\/pages\/238420\/revisions"}],"predecessor-version":[{"id":238813,"href":"https:\/\/acvas.cat\/es\/wp-json\/wp\/v2\/pages\/238420\/revisions\/238813"}],"up":[{"embeddable":true,"href":"https:\/\/acvas.cat\/es\/wp-json\/wp\/v2\/pages\/238405"}],"wp:attachment":[{"href":"https:\/\/acvas.cat\/es\/wp-json\/wp\/v2\/media?parent=238420"}],"curies":[{"name":"wp","href":"https:\/\/api.w.org\/{rel}","templated":true}]}}